{"id":662,"date":"2019-11-25T12:51:43","date_gmt":"2019-11-25T12:51:43","guid":{"rendered":"https:\/\/www.petalpin.eu\/home\/"},"modified":"2021-05-19T09:19:01","modified_gmt":"2021-05-19T07:19:01","slug":"home","status":"publish","type":"page","link":"https:\/\/www.petalpin.eu\/it\/","title":{"rendered":"Home"},"content":{"rendered":"\n<h1 class=\"wp-block-heading\">Il cibo umido dall\u2019Alto Adige per i Vostri cani e i Vostri gatti<\/h1>\n\n\n\n<p class=\"hometext\">Conoscete gi\u00e0 questo aneddoto? Un giorno si incontrano tre proprietari di cani altoatesini e decidono di realizzare da s\u00e9 cibo umido di alta qualit\u00e0 per cani e gatti. Un aneddoto curioso diventato realt\u00e0. Dopo mesi di pianificazione, assaggi, momenti di tensione e momenti di gioia siamo in grado di proporVi il nostro prodotto: PetAlpin! Il cibo umido dall\u2019Alto Adige per i Vostri cani e gatti.<\/p>\n","protected":false},"excerpt":{"rendered":"<p>Il cibo umido dall\u2019Alto Adige per i Vostri cani e i Vostri gatti Conoscete gi\u00e0 questo aneddoto? Un giorno si incontrano tre proprietari di cani altoatesini<span class=\"excerpt-hellip\"> [\u2026]<\/span><\/p>\n","protected":false},"author":1,"featured_media":0,"parent":0,"menu_order":0,"comment_status":"closed","ping_status":"open","template":"","meta":[],"yoast_head":"<!-- This site is optimized with the Yoast SEO plugin v20.4 - https:\/\/yoast.com\/wordpress\/plugins\/seo\/ -->\n<title>Il cibo umido dall\u2019Alto Adige per cani e gatti<\/title>\n<meta name=\"description\" content=\"Cibo umido di alta qualit\u00e0 dall\u2019Alto Adige, con ingredienti sfiziosi dall\u2019Alto Adige. Acquistateli qui!\" \/>\n<meta name=\"robots\" content=\"index, follow, max-snippet:-1, max-image-preview:large, max-video-preview:-1\" \/>\n<link rel=\"canonical\" href=\"https:\/\/www.petalpin.eu\/it\/\" \/>\n<meta name=\"twitter:label1\" content=\"Tempo di lettura stimato\" \/>\n\t<meta name=\"twitter:data1\" content=\"1 minuto\" \/>\n<script type=\"application\/ld+json\" class=\"yoast-schema-graph\">{\"@context\":\"https:\/\/schema.org\",\"@graph\":[{\"@type\":\"WebPage\",\"@id\":\"https:\/\/www.petalpin.eu\/it\/\",\"url\":\"https:\/\/www.petalpin.eu\/it\/\",\"name\":\"Il cibo umido dall\u2019Alto Adige per cani e gatti\",\"isPartOf\":{\"@id\":\"https:\/\/www.petalpin.eu\/it\/#website\"},\"datePublished\":\"2019-11-25T12:51:43+00:00\",\"dateModified\":\"2021-05-19T07:19:01+00:00\",\"description\":\"Cibo umido di alta qualit\u00e0 dall\u2019Alto Adige, con ingredienti sfiziosi dall\u2019Alto Adige. Acquistateli qui!\",\"breadcrumb\":{\"@id\":\"https:\/\/www.petalpin.eu\/it\/#breadcrumb\"},\"inLanguage\":\"it-IT\",\"potentialAction\":[{\"@type\":\"ReadAction\",\"target\":[\"https:\/\/www.petalpin.eu\/it\/\"]}]},{\"@type\":\"BreadcrumbList\",\"@id\":\"https:\/\/www.petalpin.eu\/it\/#breadcrumb\",\"itemListElement\":[{\"@type\":\"ListItem\",\"position\":1,\"name\":\"Startseite\",\"item\":\"https:\/\/www.petalpin.eu\/it\/home\/\"},{\"@type\":\"ListItem\",\"position\":2,\"name\":\"Home\"}]},{\"@type\":\"WebSite\",\"@id\":\"https:\/\/www.petalpin.eu\/it\/#website\",\"url\":\"https:\/\/www.petalpin.eu\/it\/\",\"name\":\"Pet Alpin\",\"description\":\"Southtyrol Pet Food\",\"potentialAction\":[{\"@type\":\"SearchAction\",\"target\":{\"@type\":\"EntryPoint\",\"urlTemplate\":\"https:\/\/www.petalpin.eu\/it\/?s={search_term_string}\"},\"query-input\":\"required name=search_term_string\"}],\"inLanguage\":\"it-IT\"}]}<\/script>\n<!-- \/ Yoast SEO plugin. -->","yoast_head_json":{"title":"Il cibo umido dall\u2019Alto Adige per cani e gatti","description":"Cibo umido di alta qualit\u00e0 dall\u2019Alto Adige, con ingredienti sfiziosi dall\u2019Alto Adige. Acquistateli qui!","robots":{"index":"index","follow":"follow","max-snippet":"max-snippet:-1","max-image-preview":"max-image-preview:large","max-video-preview":"max-video-preview:-1"},"canonical":"https:\/\/www.petalpin.eu\/it\/","twitter_misc":{"Tempo di lettura stimato":"1 minuto"},"schema":{"@context":"https:\/\/schema.org","@graph":[{"@type":"WebPage","@id":"https:\/\/www.petalpin.eu\/it\/","url":"https:\/\/www.petalpin.eu\/it\/","name":"Il cibo umido dall\u2019Alto Adige per cani e gatti","isPartOf":{"@id":"https:\/\/www.petalpin.eu\/it\/#website"},"datePublished":"2019-11-25T12:51:43+00:00","dateModified":"2021-05-19T07:19:01+00:00","description":"Cibo umido di alta qualit\u00e0 dall\u2019Alto Adige, con ingredienti sfiziosi dall\u2019Alto Adige. Acquistateli qui!","breadcrumb":{"@id":"https:\/\/www.petalpin.eu\/it\/#breadcrumb"},"inLanguage":"it-IT","potentialAction":[{"@type":"ReadAction","target":["https:\/\/www.petalpin.eu\/it\/"]}]},{"@type":"BreadcrumbList","@id":"https:\/\/www.petalpin.eu\/it\/#breadcrumb","itemListElement":[{"@type":"ListItem","position":1,"name":"Startseite","item":"https:\/\/www.petalpin.eu\/it\/home\/"},{"@type":"ListItem","position":2,"name":"Home"}]},{"@type":"WebSite","@id":"https:\/\/www.petalpin.eu\/it\/#website","url":"https:\/\/www.petalpin.eu\/it\/","name":"Pet Alpin","description":"Southtyrol Pet Food","potentialAction":[{"@type":"SearchAction","target":{"@type":"EntryPoint","urlTemplate":"https:\/\/www.petalpin.eu\/it\/?s={search_term_string}"},"query-input":"required name=search_term_string"}],"inLanguage":"it-IT"}]}},"_links":{"self":[{"href":"https:\/\/www.petalpin.eu\/it\/wp-json\/wp\/v2\/pages\/662"}],"collection":[{"href":"https:\/\/www.petalpin.eu\/it\/wp-json\/wp\/v2\/pages"}],"about":[{"href":"https:\/\/www.petalpin.eu\/it\/wp-json\/wp\/v2\/types\/page"}],"author":[{"embeddable":true,"href":"https:\/\/www.petalpin.eu\/it\/wp-json\/wp\/v2\/users\/1"}],"replies":[{"embeddable":true,"href":"https:\/\/www.petalpin.eu\/it\/wp-json\/wp\/v2\/comments?post=662"}],"version-history":[{"count":3,"href":"https:\/\/www.petalpin.eu\/it\/wp-json\/wp\/v2\/pages\/662\/revisions"}],"predecessor-version":[{"id":795,"href":"https:\/\/www.petalpin.eu\/it\/wp-json\/wp\/v2\/pages\/662\/revisions\/795"}],"wp:attachment":[{"href":"https:\/\/www.petalpin.eu\/it\/wp-json\/wp\/v2\/media?parent=662"}],"curies":[{"name":"wp","href":"https:\/\/api.w.org\/{rel}","templated":true}]}}