{"id":675,"date":"2021-02-18T11:53:35","date_gmt":"2021-02-18T10:53:35","guid":{"rendered":"https:\/\/www.petalpin.eu\/hundefutter\/"},"modified":"2021-02-26T09:32:10","modified_gmt":"2021-02-26T08:32:10","slug":"cibo-per-cani","status":"publish","type":"page","link":"https:\/\/www.petalpin.eu\/it\/cibo-per-cani\/","title":{"rendered":"Cibo umido per cani"},"content":{"rendered":"\n<h1 class=\"wp-block-heading\">PetAlpin\u2013il cibo umido naturale per i vostri cani<\/h1>\n\n\n\n<p>Sono molti i proprietari di cani indecisi se offrire cibo umido o secco ai loro piccoli amici. Noi siamo dell\u2019opinione che il cibo umido sia pi\u00f9 vicino all\u2019alimentazione naturale degli animali selvatici, come lo sono gli antenati dei cani, e del cibo secco prodotto a livello industriale, in primis per la componente umida, che nel cibo naturale \u00e8 pi\u00f9 alta che in quello secco. Nel caso decidiate di dare ai vostri cani cibo secco, ricordatevi di fornirgli anche acqua a sufficienza.<\/p>\n\n\n\n<p>Che sia umido o secco, informatevi sempre accuratamente della qualit\u00e0 del prodotto che offrite ai vostri amici a quattro zampe. Se scegliete solo in base al prezzo del prodotto, potreste rimetterci in qualit\u00e0; spesso vengono utilizzati scarti della macellazione, farine animali e grassi. Il tutto viene poi reso pi\u00f9 appetitoso grazie agli aromi. Perch\u00e9 nessun cane mangerebbe farina animale o scarti scadenti. Noi di PetAlpin garantiamo che per i nostri prodotti non vengano utilizzate materie prime scadenti. Desideriamo nutrire i nostri cani nel modo pi\u00f9 naturale possibile. Un prodotto&nbsp; scadente li fa ammalare e noi desideriamo cani sani, che seguono un&#8217;alimentazione equilibrata. Anche noi nutriamo i nostri cani con il cibo di PetAlpin. E loro lo adorano.<\/p>\n","protected":false},"excerpt":{"rendered":"<p>PetAlpin\u2013il cibo umido naturale per i vostri cani Sono molti i proprietari di cani indecisi se offrire cibo umido o secco ai loro piccoli amici. Noi<span class=\"excerpt-hellip\"> [\u2026]<\/span><\/p>\n","protected":false},"author":1,"featured_media":0,"parent":0,"menu_order":0,"comment_status":"closed","ping_status":"open","template":"","meta":[],"yoast_head":"<!-- This site is optimized with the Yoast SEO plugin v20.4 - https:\/\/yoast.com\/wordpress\/plugins\/seo\/ -->\n<title>Il cibo umido per cani dall\u2019Alto Adige<\/title>\n<meta name=\"description\" content=\"Acquistare qui il cibo umido per cani. 100% di qualit\u00e0 dall\u2019Alto Adige\" \/>\n<meta name=\"robots\" content=\"index, follow, max-snippet:-1, max-image-preview:large, max-video-preview:-1\" \/>\n<link rel=\"canonical\" href=\"https:\/\/www.petalpin.eu\/it\/cibo-per-cani\/\" \/>\n<meta name=\"twitter:label1\" content=\"Tempo di lettura stimato\" \/>\n\t<meta name=\"twitter:data1\" content=\"1 minuto\" \/>\n<script type=\"application\/ld+json\" class=\"yoast-schema-graph\">{\"@context\":\"https:\/\/schema.org\",\"@graph\":[{\"@type\":\"WebPage\",\"@id\":\"https:\/\/www.petalpin.eu\/it\/cibo-per-cani\/\",\"url\":\"https:\/\/www.petalpin.eu\/it\/cibo-per-cani\/\",\"name\":\"Il cibo umido per cani dall\u2019Alto Adige\",\"isPartOf\":{\"@id\":\"https:\/\/www.petalpin.eu\/it\/#website\"},\"datePublished\":\"2021-02-18T10:53:35+00:00\",\"dateModified\":\"2021-02-26T08:32:10+00:00\",\"description\":\"Acquistare qui il cibo umido per cani. 100% di qualit\u00e0 dall\u2019Alto Adige\",\"breadcrumb\":{\"@id\":\"https:\/\/www.petalpin.eu\/it\/cibo-per-cani\/#breadcrumb\"},\"inLanguage\":\"it-IT\",\"potentialAction\":[{\"@type\":\"ReadAction\",\"target\":[\"https:\/\/www.petalpin.eu\/it\/cibo-per-cani\/\"]}]},{\"@type\":\"BreadcrumbList\",\"@id\":\"https:\/\/www.petalpin.eu\/it\/cibo-per-cani\/#breadcrumb\",\"itemListElement\":[{\"@type\":\"ListItem\",\"position\":1,\"name\":\"Startseite\",\"item\":\"https:\/\/www.petalpin.eu\/it\/home\/\"},{\"@type\":\"ListItem\",\"position\":2,\"name\":\"Cibo umido per cani\"}]},{\"@type\":\"WebSite\",\"@id\":\"https:\/\/www.petalpin.eu\/it\/#website\",\"url\":\"https:\/\/www.petalpin.eu\/it\/\",\"name\":\"Pet Alpin\",\"description\":\"Southtyrol Pet Food\",\"potentialAction\":[{\"@type\":\"SearchAction\",\"target\":{\"@type\":\"EntryPoint\",\"urlTemplate\":\"https:\/\/www.petalpin.eu\/it\/?s={search_term_string}\"},\"query-input\":\"required name=search_term_string\"}],\"inLanguage\":\"it-IT\"}]}<\/script>\n<!-- \/ Yoast SEO plugin. -->","yoast_head_json":{"title":"Il cibo umido per cani dall\u2019Alto Adige","description":"Acquistare qui il cibo umido per cani. 100% di qualit\u00e0 dall\u2019Alto Adige","robots":{"index":"index","follow":"follow","max-snippet":"max-snippet:-1","max-image-preview":"max-image-preview:large","max-video-preview":"max-video-preview:-1"},"canonical":"https:\/\/www.petalpin.eu\/it\/cibo-per-cani\/","twitter_misc":{"Tempo di lettura stimato":"1 minuto"},"schema":{"@context":"https:\/\/schema.org","@graph":[{"@type":"WebPage","@id":"https:\/\/www.petalpin.eu\/it\/cibo-per-cani\/","url":"https:\/\/www.petalpin.eu\/it\/cibo-per-cani\/","name":"Il cibo umido per cani dall\u2019Alto Adige","isPartOf":{"@id":"https:\/\/www.petalpin.eu\/it\/#website"},"datePublished":"2021-02-18T10:53:35+00:00","dateModified":"2021-02-26T08:32:10+00:00","description":"Acquistare qui il cibo umido per cani. 100% di qualit\u00e0 dall\u2019Alto Adige","breadcrumb":{"@id":"https:\/\/www.petalpin.eu\/it\/cibo-per-cani\/#breadcrumb"},"inLanguage":"it-IT","potentialAction":[{"@type":"ReadAction","target":["https:\/\/www.petalpin.eu\/it\/cibo-per-cani\/"]}]},{"@type":"BreadcrumbList","@id":"https:\/\/www.petalpin.eu\/it\/cibo-per-cani\/#breadcrumb","itemListElement":[{"@type":"ListItem","position":1,"name":"Startseite","item":"https:\/\/www.petalpin.eu\/it\/home\/"},{"@type":"ListItem","position":2,"name":"Cibo umido per cani"}]},{"@type":"WebSite","@id":"https:\/\/www.petalpin.eu\/it\/#website","url":"https:\/\/www.petalpin.eu\/it\/","name":"Pet Alpin","description":"Southtyrol Pet Food","potentialAction":[{"@type":"SearchAction","target":{"@type":"EntryPoint","urlTemplate":"https:\/\/www.petalpin.eu\/it\/?s={search_term_string}"},"query-input":"required name=search_term_string"}],"inLanguage":"it-IT"}]}},"_links":{"self":[{"href":"https:\/\/www.petalpin.eu\/it\/wp-json\/wp\/v2\/pages\/675"}],"collection":[{"href":"https:\/\/www.petalpin.eu\/it\/wp-json\/wp\/v2\/pages"}],"about":[{"href":"https:\/\/www.petalpin.eu\/it\/wp-json\/wp\/v2\/types\/page"}],"author":[{"embeddable":true,"href":"https:\/\/www.petalpin.eu\/it\/wp-json\/wp\/v2\/users\/1"}],"replies":[{"embeddable":true,"href":"https:\/\/www.petalpin.eu\/it\/wp-json\/wp\/v2\/comments?post=675"}],"version-history":[{"count":2,"href":"https:\/\/www.petalpin.eu\/it\/wp-json\/wp\/v2\/pages\/675\/revisions"}],"predecessor-version":[{"id":688,"href":"https:\/\/www.petalpin.eu\/it\/wp-json\/wp\/v2\/pages\/675\/revisions\/688"}],"wp:attachment":[{"href":"https:\/\/www.petalpin.eu\/it\/wp-json\/wp\/v2\/media?parent=675"}],"curies":[{"name":"wp","href":"https:\/\/api.w.org\/{rel}","templated":true}]}}