{"id":681,"date":"2021-02-18T12:56:11","date_gmt":"2021-02-18T11:56:11","guid":{"rendered":"https:\/\/www.petalpin.eu\/katzenfutter\/"},"modified":"2021-03-02T16:19:53","modified_gmt":"2021-03-02T15:19:53","slug":"cibo-per-gatto","status":"publish","type":"page","link":"https:\/\/www.petalpin.eu\/it\/cibo-per-gatto\/","title":{"rendered":"Cibo per gatti"},"content":{"rendered":"\n<h1 class=\"wp-block-heading\">Perch\u00e9 alimentare il proprio gatto con cibo umido<\/h1>\n\n\n\n<p>Come accade per i proprietari di cani, anche molti proprietari di gatti sono indecisi se offrire cibo umido o secco ai loro piccoli amici. Oramai tutti gli esperti sono concordi. Solo il cibo umido \u00e8 il cibo pi\u00f9 adatto per il gatto. Il cibo secco \u00e8 come il fast food per noi umani. Il suo consumo porta spesso a obesit\u00e0 e alle malattie ivi connesse (Diabete, problemi epatici, problemi alle articolazioni\u2026.). Inoltre si sa che molti gatti, con l\u2019avanzare dell\u2019et\u00e0 soffrono di problemi ai reni. Anche questo \u00e8 connesso alla somministrazione di cibo secco e alla mancanza di assunzione di liquidi.&nbsp;<\/p>\n\n\n\n<p>Noi siamo dell\u2019opinione che il cibo umido si avvicini di pi\u00f9 all\u2019alimentazione naturale degli animali selvatici, come lo sono gli antenati dei gatti, che il cibo secco prodotto a livello industriale, in primis per la componente umida, che nel cibo naturale \u00e8 pi\u00f9 presente che nel cibo secco. Inoltre i gatti sono pi\u00f9 esigenti dei cani, perch\u00e9 da animali domestici si sono per lungo tempo nutriti di topi. Nel caso decidiate di dare ai vostri gatti cibo secco, ricordatevi di accompagnarlo con acqua a sufficienza e di ricordare lor di bere (ad esempio alle fontane).<\/p>\n\n\n\n<p>Che sia cibo umido o secco, informatevi sempre accuratamente della qualit\u00e0 del prodotto che fornite ai vostri amici a quattro zampe. Se scegliete solo in base al prezzo del prodotto, potreste rimetterci in qualit\u00e0; spesso vengono utilizzati scarti della macellazione, farine animali e grassi. Il tutto viene poi reso pi\u00f9 appetitoso grazie agli aromi. Perch\u00e9 nessun gatto mangerebbe farina animale o scarti scadenti. Noi di PetAlpin garantiamo che per i nostri prodotti non vengono utilizzate materie prime scadenti. Desideriamo nutrire i nostri gatti nel modo pi\u00f9 naturale possibile. Un prodotto scadente li fa ammalare e noi desideriamo gatti sani, che seguano un\u2019alimentazione equilibrata. Anche noi nutriamo i nostri gatti con il cibo di PetAlpin. E loro lo adorano.<\/p>\n","protected":false},"excerpt":{"rendered":"<p>Perch\u00e9 alimentare il proprio gatto con cibo umido Come accade per i proprietari di cani, anche molti proprietari di gatti sono indecisi se offrire cibo umido<span class=\"excerpt-hellip\"> [\u2026]<\/span><\/p>\n","protected":false},"author":1,"featured_media":0,"parent":0,"menu_order":0,"comment_status":"closed","ping_status":"open","template":"","meta":[],"yoast_head":"<!-- This site is optimized with the Yoast SEO plugin v20.4 - https:\/\/yoast.com\/wordpress\/plugins\/seo\/ -->\n<title>Cibo umido per gatti dall\u2019Alto Adige<\/title>\n<meta name=\"description\" content=\"Cibo umido per gatti da acquistare qui \/ 100% di qualit\u00e0 dell\u2019Alto Adige\" \/>\n<meta name=\"robots\" content=\"index, follow, max-snippet:-1, max-image-preview:large, max-video-preview:-1\" \/>\n<link rel=\"canonical\" href=\"https:\/\/www.petalpin.eu\/it\/cibo-per-gatto\/\" \/>\n<meta name=\"twitter:label1\" content=\"Tempo di lettura stimato\" \/>\n\t<meta name=\"twitter:data1\" content=\"2 minuti\" \/>\n<script type=\"application\/ld+json\" class=\"yoast-schema-graph\">{\"@context\":\"https:\/\/schema.org\",\"@graph\":[{\"@type\":\"WebPage\",\"@id\":\"https:\/\/www.petalpin.eu\/it\/cibo-per-gatto\/\",\"url\":\"https:\/\/www.petalpin.eu\/it\/cibo-per-gatto\/\",\"name\":\"Cibo umido per gatti dall\u2019Alto Adige\",\"isPartOf\":{\"@id\":\"https:\/\/www.petalpin.eu\/it\/#website\"},\"datePublished\":\"2021-02-18T11:56:11+00:00\",\"dateModified\":\"2021-03-02T15:19:53+00:00\",\"description\":\"Cibo umido per gatti da acquistare qui \/ 100% di qualit\u00e0 dell\u2019Alto Adige\",\"breadcrumb\":{\"@id\":\"https:\/\/www.petalpin.eu\/it\/cibo-per-gatto\/#breadcrumb\"},\"inLanguage\":\"it-IT\",\"potentialAction\":[{\"@type\":\"ReadAction\",\"target\":[\"https:\/\/www.petalpin.eu\/it\/cibo-per-gatto\/\"]}]},{\"@type\":\"BreadcrumbList\",\"@id\":\"https:\/\/www.petalpin.eu\/it\/cibo-per-gatto\/#breadcrumb\",\"itemListElement\":[{\"@type\":\"ListItem\",\"position\":1,\"name\":\"Startseite\",\"item\":\"https:\/\/www.petalpin.eu\/it\/home\/\"},{\"@type\":\"ListItem\",\"position\":2,\"name\":\"Cibo per gatti\"}]},{\"@type\":\"WebSite\",\"@id\":\"https:\/\/www.petalpin.eu\/it\/#website\",\"url\":\"https:\/\/www.petalpin.eu\/it\/\",\"name\":\"Pet Alpin\",\"description\":\"Southtyrol Pet Food\",\"potentialAction\":[{\"@type\":\"SearchAction\",\"target\":{\"@type\":\"EntryPoint\",\"urlTemplate\":\"https:\/\/www.petalpin.eu\/it\/?s={search_term_string}\"},\"query-input\":\"required name=search_term_string\"}],\"inLanguage\":\"it-IT\"}]}<\/script>\n<!-- \/ Yoast SEO plugin. -->","yoast_head_json":{"title":"Cibo umido per gatti dall\u2019Alto Adige","description":"Cibo umido per gatti da acquistare qui \/ 100% di qualit\u00e0 dell\u2019Alto Adige","robots":{"index":"index","follow":"follow","max-snippet":"max-snippet:-1","max-image-preview":"max-image-preview:large","max-video-preview":"max-video-preview:-1"},"canonical":"https:\/\/www.petalpin.eu\/it\/cibo-per-gatto\/","twitter_misc":{"Tempo di lettura stimato":"2 minuti"},"schema":{"@context":"https:\/\/schema.org","@graph":[{"@type":"WebPage","@id":"https:\/\/www.petalpin.eu\/it\/cibo-per-gatto\/","url":"https:\/\/www.petalpin.eu\/it\/cibo-per-gatto\/","name":"Cibo umido per gatti dall\u2019Alto Adige","isPartOf":{"@id":"https:\/\/www.petalpin.eu\/it\/#website"},"datePublished":"2021-02-18T11:56:11+00:00","dateModified":"2021-03-02T15:19:53+00:00","description":"Cibo umido per gatti da acquistare qui \/ 100% di qualit\u00e0 dell\u2019Alto Adige","breadcrumb":{"@id":"https:\/\/www.petalpin.eu\/it\/cibo-per-gatto\/#breadcrumb"},"inLanguage":"it-IT","potentialAction":[{"@type":"ReadAction","target":["https:\/\/www.petalpin.eu\/it\/cibo-per-gatto\/"]}]},{"@type":"BreadcrumbList","@id":"https:\/\/www.petalpin.eu\/it\/cibo-per-gatto\/#breadcrumb","itemListElement":[{"@type":"ListItem","position":1,"name":"Startseite","item":"https:\/\/www.petalpin.eu\/it\/home\/"},{"@type":"ListItem","position":2,"name":"Cibo per gatti"}]},{"@type":"WebSite","@id":"https:\/\/www.petalpin.eu\/it\/#website","url":"https:\/\/www.petalpin.eu\/it\/","name":"Pet Alpin","description":"Southtyrol Pet Food","potentialAction":[{"@type":"SearchAction","target":{"@type":"EntryPoint","urlTemplate":"https:\/\/www.petalpin.eu\/it\/?s={search_term_string}"},"query-input":"required name=search_term_string"}],"inLanguage":"it-IT"}]}},"_links":{"self":[{"href":"https:\/\/www.petalpin.eu\/it\/wp-json\/wp\/v2\/pages\/681"}],"collection":[{"href":"https:\/\/www.petalpin.eu\/it\/wp-json\/wp\/v2\/pages"}],"about":[{"href":"https:\/\/www.petalpin.eu\/it\/wp-json\/wp\/v2\/types\/page"}],"author":[{"embeddable":true,"href":"https:\/\/www.petalpin.eu\/it\/wp-json\/wp\/v2\/users\/1"}],"replies":[{"embeddable":true,"href":"https:\/\/www.petalpin.eu\/it\/wp-json\/wp\/v2\/comments?post=681"}],"version-history":[{"count":3,"href":"https:\/\/www.petalpin.eu\/it\/wp-json\/wp\/v2\/pages\/681\/revisions"}],"predecessor-version":[{"id":930,"href":"https:\/\/www.petalpin.eu\/it\/wp-json\/wp\/v2\/pages\/681\/revisions\/930"}],"wp:attachment":[{"href":"https:\/\/www.petalpin.eu\/it\/wp-json\/wp\/v2\/media?parent=681"}],"curies":[{"name":"wp","href":"https:\/\/api.w.org\/{rel}","templated":true}]}}