{"id":692,"date":"2021-02-18T13:55:31","date_gmt":"2021-02-18T12:55:31","guid":{"rendered":"https:\/\/www.petalpin.eu\/abo\/"},"modified":"2022-07-06T09:14:40","modified_gmt":"2022-07-06T07:14:40","slug":"abo","status":"publish","type":"page","link":"https:\/\/www.petalpin.eu\/it\/abo\/","title":{"rendered":"Abo"},"content":{"rendered":"\n<h1 class=\"wp-block-heading\">Risparmiate mentre acquistate cibo umido- ci\u00f2 \u00e8 possibile grazie ai nostri abbonamenti<\/h1>\n\n\n\n<p>Chi non lo sa? La scorta di cibo \u00e8 di nuovo vuota e non hai fatto in tempo ad andare al negozio di animali. Con i nostri abbonamenti questo non pu\u00f2 accadere. Possono essere cancellati, messi in pausa o cambiati in qualsiasi momento.<\/p>\n\n\n\n<p>Puoi semplicemente scegliere il tuo pacchetto mensile. Il tuo ordine sar\u00e0 consegnato a casa tua in tempo e non rimarrai mai senza prodotti PetAlpin. E la cosa migliore \u00e8 che vi diamo uno sconto del 10% su ogni ordine.<\/p>\n\n\n\n<p>Per gli abbonamenti alimentari personalizzati, puoi anche contattarci direttamente in qualsiasi momento e troveremo sicuramente la soluzione giusta per te e il tuo amico a quattro zampe!<\/p>\n","protected":false},"excerpt":{"rendered":"<p>Risparmiate mentre acquistate cibo umido- ci\u00f2 \u00e8 possibile grazie ai nostri abbonamenti Chi non lo sa? La scorta di cibo \u00e8 di nuovo vuota e non<span class=\"excerpt-hellip\"> [\u2026]<\/span><\/p>\n","protected":false},"author":1,"featured_media":0,"parent":0,"menu_order":0,"comment_status":"closed","ping_status":"open","template":"","meta":[],"yoast_head":"<!-- This site is optimized with the Yoast SEO plugin v20.4 - https:\/\/yoast.com\/wordpress\/plugins\/seo\/ -->\n<title>non dimenticare mai pi\u00f9 di comprare il cibo<\/title>\n<meta name=\"description\" content=\"Comprare cibo umido in abbonamento e risparmiare -&gt; un buon affare per il proprietario e l&#039;animale domestico\" \/>\n<meta name=\"robots\" content=\"index, follow, max-snippet:-1, max-image-preview:large, max-video-preview:-1\" \/>\n<link rel=\"canonical\" href=\"https:\/\/www.petalpin.eu\/it\/abo\/\" \/>\n<meta name=\"twitter:label1\" content=\"Tempo di lettura stimato\" \/>\n\t<meta name=\"twitter:data1\" content=\"1 minuto\" \/>\n<script type=\"application\/ld+json\" class=\"yoast-schema-graph\">{\"@context\":\"https:\/\/schema.org\",\"@graph\":[{\"@type\":\"WebPage\",\"@id\":\"https:\/\/www.petalpin.eu\/it\/abo\/\",\"url\":\"https:\/\/www.petalpin.eu\/it\/abo\/\",\"name\":\"non dimenticare mai pi\u00f9 di comprare il cibo\",\"isPartOf\":{\"@id\":\"https:\/\/www.petalpin.eu\/it\/#website\"},\"datePublished\":\"2021-02-18T12:55:31+00:00\",\"dateModified\":\"2022-07-06T07:14:40+00:00\",\"description\":\"Comprare cibo umido in abbonamento e risparmiare -> un buon affare per il proprietario e l'animale domestico\",\"breadcrumb\":{\"@id\":\"https:\/\/www.petalpin.eu\/it\/abo\/#breadcrumb\"},\"inLanguage\":\"it-IT\",\"potentialAction\":[{\"@type\":\"ReadAction\",\"target\":[\"https:\/\/www.petalpin.eu\/it\/abo\/\"]}]},{\"@type\":\"BreadcrumbList\",\"@id\":\"https:\/\/www.petalpin.eu\/it\/abo\/#breadcrumb\",\"itemListElement\":[{\"@type\":\"ListItem\",\"position\":1,\"name\":\"Startseite\",\"item\":\"https:\/\/www.petalpin.eu\/it\/home\/\"},{\"@type\":\"ListItem\",\"position\":2,\"name\":\"Abo\"}]},{\"@type\":\"WebSite\",\"@id\":\"https:\/\/www.petalpin.eu\/it\/#website\",\"url\":\"https:\/\/www.petalpin.eu\/it\/\",\"name\":\"Pet Alpin\",\"description\":\"Southtyrol Pet Food\",\"potentialAction\":[{\"@type\":\"SearchAction\",\"target\":{\"@type\":\"EntryPoint\",\"urlTemplate\":\"https:\/\/www.petalpin.eu\/it\/?s={search_term_string}\"},\"query-input\":\"required name=search_term_string\"}],\"inLanguage\":\"it-IT\"}]}<\/script>\n<!-- \/ Yoast SEO plugin. -->","yoast_head_json":{"title":"non dimenticare mai pi\u00f9 di comprare il cibo","description":"Comprare cibo umido in abbonamento e risparmiare -> un buon affare per il proprietario e l'animale domestico","robots":{"index":"index","follow":"follow","max-snippet":"max-snippet:-1","max-image-preview":"max-image-preview:large","max-video-preview":"max-video-preview:-1"},"canonical":"https:\/\/www.petalpin.eu\/it\/abo\/","twitter_misc":{"Tempo di lettura stimato":"1 minuto"},"schema":{"@context":"https:\/\/schema.org","@graph":[{"@type":"WebPage","@id":"https:\/\/www.petalpin.eu\/it\/abo\/","url":"https:\/\/www.petalpin.eu\/it\/abo\/","name":"non dimenticare mai pi\u00f9 di comprare il cibo","isPartOf":{"@id":"https:\/\/www.petalpin.eu\/it\/#website"},"datePublished":"2021-02-18T12:55:31+00:00","dateModified":"2022-07-06T07:14:40+00:00","description":"Comprare cibo umido in abbonamento e risparmiare -> un buon affare per il proprietario e l'animale domestico","breadcrumb":{"@id":"https:\/\/www.petalpin.eu\/it\/abo\/#breadcrumb"},"inLanguage":"it-IT","potentialAction":[{"@type":"ReadAction","target":["https:\/\/www.petalpin.eu\/it\/abo\/"]}]},{"@type":"BreadcrumbList","@id":"https:\/\/www.petalpin.eu\/it\/abo\/#breadcrumb","itemListElement":[{"@type":"ListItem","position":1,"name":"Startseite","item":"https:\/\/www.petalpin.eu\/it\/home\/"},{"@type":"ListItem","position":2,"name":"Abo"}]},{"@type":"WebSite","@id":"https:\/\/www.petalpin.eu\/it\/#website","url":"https:\/\/www.petalpin.eu\/it\/","name":"Pet Alpin","description":"Southtyrol Pet Food","potentialAction":[{"@type":"SearchAction","target":{"@type":"EntryPoint","urlTemplate":"https:\/\/www.petalpin.eu\/it\/?s={search_term_string}"},"query-input":"required name=search_term_string"}],"inLanguage":"it-IT"}]}},"_links":{"self":[{"href":"https:\/\/www.petalpin.eu\/it\/wp-json\/wp\/v2\/pages\/692"}],"collection":[{"href":"https:\/\/www.petalpin.eu\/it\/wp-json\/wp\/v2\/pages"}],"about":[{"href":"https:\/\/www.petalpin.eu\/it\/wp-json\/wp\/v2\/types\/page"}],"author":[{"embeddable":true,"href":"https:\/\/www.petalpin.eu\/it\/wp-json\/wp\/v2\/users\/1"}],"replies":[{"embeddable":true,"href":"https:\/\/www.petalpin.eu\/it\/wp-json\/wp\/v2\/comments?post=692"}],"version-history":[{"count":4,"href":"https:\/\/www.petalpin.eu\/it\/wp-json\/wp\/v2\/pages\/692\/revisions"}],"predecessor-version":[{"id":992,"href":"https:\/\/www.petalpin.eu\/it\/wp-json\/wp\/v2\/pages\/692\/revisions\/992"}],"wp:attachment":[{"href":"https:\/\/www.petalpin.eu\/it\/wp-json\/wp\/v2\/media?parent=692"}],"curies":[{"name":"wp","href":"https:\/\/api.w.org\/{rel}","templated":true}]}}