{"id":363,"date":"2021-02-18T12:23:25","date_gmt":"2021-02-18T11:23:25","guid":{"rendered":"https:\/\/www.petalpin.eu\/produkt\/nassfutter-fuer-hunde-gulasch-mit-schaf-und-kartoffel\/"},"modified":"2023-03-20T13:53:08","modified_gmt":"2023-03-20T12:53:08","slug":"spezzatino-di-agnello-e-patate","status":"publish","type":"product","link":"https:\/\/www.petalpin.eu\/it\/produkt\/spezzatino-di-agnello-e-patate\/","title":{"rendered":"Rag\u00f9 di agnello e patate"},"content":{"rendered":"","protected":false},"excerpt":{"rendered":"<p>Il rag\u00f9 di agnello e patate \u00e8 un alimento completo per cani. La sua composizione \u00e8 ritagliata sulle esigenze specifiche dei cani. Carne ovina e patate fresche provengono dalle coltivazioni dell\u2019Alto Adige e offrono un sapore unico e intenso.<\/p>\n<div class=\"umwelt\"><strong>Cari amici di Petalpin<\/strong><br \/>\n<strong>La nostra natura<\/strong>\u00a0ci sta a\u00a0cuore! Per questo motivo vi chiediamo gentilmente, se possibile, di\u00a0<strong>ordinare<\/strong>\u00a0sempre\u00a0<strong>12 vasetti<\/strong>\u00a0o un suo\u00a0<strong>multiplo<\/strong> (24, 36,\u2026). In questo modo riduciamo al minimo il materiale di imballaggio e nessun percorso di trasporto viene sprecato. Grazie!<br \/>\nAndreas, Simon e Andreas<\/div>\n<div><\/div>\n","protected":false},"featured_media":364,"template":"","meta":[],"product_cat":[143,144,145,146,147],"product_tag":[],"yoast_head":"<!-- This site is optimized with the Yoast SEO plugin v20.4 - https:\/\/yoast.com\/wordpress\/plugins\/seo\/ -->\n<title>Il cibo per cani di alta qualit\u00e0 con carne di agnello dall\u2019Alto Adige<\/title>\n<meta name=\"description\" content=\"Cibo per cani di alta qualit\u00e0 con carne di agnello locale\" \/>\n<meta name=\"robots\" content=\"index, follow, max-snippet:-1, max-image-preview:large, max-video-preview:-1\" \/>\n<link rel=\"canonical\" href=\"https:\/\/www.petalpin.eu\/it\/produkt\/spezzatino-di-agnello-e-patate\/\" \/>\n<script type=\"application\/ld+json\" class=\"yoast-schema-graph\">{\"@context\":\"https:\/\/schema.org\",\"@graph\":[{\"@type\":\"WebPage\",\"@id\":\"https:\/\/www.petalpin.eu\/it\/produkt\/spezzatino-di-agnello-e-patate\/\",\"url\":\"https:\/\/www.petalpin.eu\/it\/produkt\/spezzatino-di-agnello-e-patate\/\",\"name\":\"Il cibo per cani di alta qualit\u00e0 con carne di agnello dall\u2019Alto Adige\",\"isPartOf\":{\"@id\":\"https:\/\/www.petalpin.eu\/it\/#website\"},\"datePublished\":\"2021-02-18T11:23:25+00:00\",\"dateModified\":\"2023-03-20T12:53:08+00:00\",\"description\":\"Cibo per cani di alta qualit\u00e0 con carne di agnello locale\",\"breadcrumb\":{\"@id\":\"https:\/\/www.petalpin.eu\/it\/produkt\/spezzatino-di-agnello-e-patate\/#breadcrumb\"},\"inLanguage\":\"it-IT\",\"potentialAction\":[{\"@type\":\"ReadAction\",\"target\":[\"https:\/\/www.petalpin.eu\/it\/produkt\/spezzatino-di-agnello-e-patate\/\"]}]},{\"@type\":\"BreadcrumbList\",\"@id\":\"https:\/\/www.petalpin.eu\/it\/produkt\/spezzatino-di-agnello-e-patate\/#breadcrumb\",\"itemListElement\":[{\"@type\":\"ListItem\",\"position\":1,\"name\":\"Startseite\",\"item\":\"https:\/\/www.petalpin.eu\/it\/home\/\"},{\"@type\":\"ListItem\",\"position\":2,\"name\":\"Prodotti\",\"item\":\"https:\/\/www.petalpin.eu\/it\/shop\/\"},{\"@type\":\"ListItem\",\"position\":3,\"name\":\"Rag\u00f9 di agnello e patate\"}]},{\"@type\":\"WebSite\",\"@id\":\"https:\/\/www.petalpin.eu\/it\/#website\",\"url\":\"https:\/\/www.petalpin.eu\/it\/\",\"name\":\"Pet Alpin\",\"description\":\"Southtyrol Pet Food\",\"potentialAction\":[{\"@type\":\"SearchAction\",\"target\":{\"@type\":\"EntryPoint\",\"urlTemplate\":\"https:\/\/www.petalpin.eu\/it\/?s={search_term_string}\"},\"query-input\":\"required name=search_term_string\"}],\"inLanguage\":\"it-IT\"}]}<\/script>\n<!-- \/ Yoast SEO plugin. -->","yoast_head_json":{"title":"Il cibo per cani di alta qualit\u00e0 con carne di agnello dall\u2019Alto Adige","description":"Cibo per cani di alta qualit\u00e0 con carne di agnello locale","robots":{"index":"index","follow":"follow","max-snippet":"max-snippet:-1","max-image-preview":"max-image-preview:large","max-video-preview":"max-video-preview:-1"},"canonical":"https:\/\/www.petalpin.eu\/it\/produkt\/spezzatino-di-agnello-e-patate\/","schema":{"@context":"https:\/\/schema.org","@graph":[{"@type":"WebPage","@id":"https:\/\/www.petalpin.eu\/it\/produkt\/spezzatino-di-agnello-e-patate\/","url":"https:\/\/www.petalpin.eu\/it\/produkt\/spezzatino-di-agnello-e-patate\/","name":"Il cibo per cani di alta qualit\u00e0 con carne di agnello dall\u2019Alto Adige","isPartOf":{"@id":"https:\/\/www.petalpin.eu\/it\/#website"},"datePublished":"2021-02-18T11:23:25+00:00","dateModified":"2023-03-20T12:53:08+00:00","description":"Cibo per cani di alta qualit\u00e0 con carne di agnello locale","breadcrumb":{"@id":"https:\/\/www.petalpin.eu\/it\/produkt\/spezzatino-di-agnello-e-patate\/#breadcrumb"},"inLanguage":"it-IT","potentialAction":[{"@type":"ReadAction","target":["https:\/\/www.petalpin.eu\/it\/produkt\/spezzatino-di-agnello-e-patate\/"]}]},{"@type":"BreadcrumbList","@id":"https:\/\/www.petalpin.eu\/it\/produkt\/spezzatino-di-agnello-e-patate\/#breadcrumb","itemListElement":[{"@type":"ListItem","position":1,"name":"Startseite","item":"https:\/\/www.petalpin.eu\/it\/home\/"},{"@type":"ListItem","position":2,"name":"Prodotti","item":"https:\/\/www.petalpin.eu\/it\/shop\/"},{"@type":"ListItem","position":3,"name":"Rag\u00f9 di agnello e patate"}]},{"@type":"WebSite","@id":"https:\/\/www.petalpin.eu\/it\/#website","url":"https:\/\/www.petalpin.eu\/it\/","name":"Pet Alpin","description":"Southtyrol Pet Food","potentialAction":[{"@type":"SearchAction","target":{"@type":"EntryPoint","urlTemplate":"https:\/\/www.petalpin.eu\/it\/?s={search_term_string}"},"query-input":"required name=search_term_string"}],"inLanguage":"it-IT"}]}},"_links":{"self":[{"href":"https:\/\/www.petalpin.eu\/it\/wp-json\/wp\/v2\/product\/363"}],"collection":[{"href":"https:\/\/www.petalpin.eu\/it\/wp-json\/wp\/v2\/product"}],"about":[{"href":"https:\/\/www.petalpin.eu\/it\/wp-json\/wp\/v2\/types\/product"}],"wp:featuredmedia":[{"embeddable":true,"href":"https:\/\/www.petalpin.eu\/it\/wp-json\/wp\/v2\/media\/364"}],"wp:attachment":[{"href":"https:\/\/www.petalpin.eu\/it\/wp-json\/wp\/v2\/media?parent=363"}],"wp:term":[{"taxonomy":"product_cat","embeddable":true,"href":"https:\/\/www.petalpin.eu\/it\/wp-json\/wp\/v2\/product_cat?post=363"},{"taxonomy":"product_tag","embeddable":true,"href":"https:\/\/www.petalpin.eu\/it\/wp-json\/wp\/v2\/product_tag?post=363"}],"curies":[{"name":"wp","href":"https:\/\/api.w.org\/{rel}","templated":true}]}}