{"id":404,"date":"2021-02-05T08:16:33","date_gmt":"2021-02-05T07:16:33","guid":{"rendered":"https:\/\/www.petalpin.eu\/produkt\/ragout-mit-rind-und-huhn-mit-karotte-100g\/"},"modified":"2023-11-24T13:19:24","modified_gmt":"2023-11-24T12:19:24","slug":"ragu-di-manzo-e-pollo","status":"publish","type":"product","link":"https:\/\/www.petalpin.eu\/it\/produkt\/ragu-di-manzo-e-pollo\/","title":{"rendered":"Rag\u00f9 di manzo e pollo per gatti"},"content":{"rendered":"","protected":false},"excerpt":{"rendered":"<p>Il rag\u00f9 di manzo e pollo \u00e8 un alimento completo per gatti. La sua composizione si basa sulle esigenze specifiche dei gatti. La carne fresca di manzo e pollo proviene dalle coltivazioni dell&#8217;Alto Adige ed offre un sapore unico e intenso.<\/p>\n<div class=\"umwelt\"><strong>Cari amici di Petalpin<\/strong><br \/>\n<strong>La nostra natura<\/strong>\u00a0ci sta a\u00a0cuore! Per questo motivo vi chiediamo gentilmente, se possibile, di\u00a0<strong>ordinare<\/strong>\u00a0sempre\u00a0<strong>12 vasetti<\/strong>\u00a0o un suo\u00a0<strong>multiplo<\/strong> (24, 36,\u2026). In questo modo riduciamo al minimo il materiale di imballaggio e nessun percorso di trasporto viene sprecato. Grazie!<br \/>\nAndreas, Simon e Andreas<\/div>\n","protected":false},"featured_media":405,"template":"","meta":[],"product_cat":[143,148,149],"product_tag":[],"yoast_head":"<!-- This site is optimized with the Yoast SEO plugin v20.4 - https:\/\/yoast.com\/wordpress\/plugins\/seo\/ -->\n<title>saftiges einheimisches Rind und Huhn mit Karotte<\/title>\n<meta name=\"description\" content=\"hochwertiges Katzenfutter mit Rind und Huhn mit Karotte aus S\u00fcdtirol\" \/>\n<meta name=\"robots\" content=\"index, follow, max-snippet:-1, max-image-preview:large, max-video-preview:-1\" \/>\n<link rel=\"canonical\" href=\"https:\/\/www.petalpin.eu\/it\/produkt\/ragu-di-manzo-e-pollo\/\" \/>\n<script type=\"application\/ld+json\" class=\"yoast-schema-graph\">{\"@context\":\"https:\/\/schema.org\",\"@graph\":[{\"@type\":\"WebPage\",\"@id\":\"https:\/\/www.petalpin.eu\/it\/produkt\/ragu-di-manzo-e-pollo\/\",\"url\":\"https:\/\/www.petalpin.eu\/it\/produkt\/ragu-di-manzo-e-pollo\/\",\"name\":\"saftiges einheimisches Rind und Huhn mit Karotte\",\"isPartOf\":{\"@id\":\"https:\/\/www.petalpin.eu\/it\/#website\"},\"datePublished\":\"2021-02-05T07:16:33+00:00\",\"dateModified\":\"2023-11-24T12:19:24+00:00\",\"description\":\"hochwertiges Katzenfutter mit Rind und Huhn mit Karotte aus S\u00fcdtirol\",\"breadcrumb\":{\"@id\":\"https:\/\/www.petalpin.eu\/it\/produkt\/ragu-di-manzo-e-pollo\/#breadcrumb\"},\"inLanguage\":\"it-IT\",\"potentialAction\":[{\"@type\":\"ReadAction\",\"target\":[\"https:\/\/www.petalpin.eu\/it\/produkt\/ragu-di-manzo-e-pollo\/\"]}]},{\"@type\":\"BreadcrumbList\",\"@id\":\"https:\/\/www.petalpin.eu\/it\/produkt\/ragu-di-manzo-e-pollo\/#breadcrumb\",\"itemListElement\":[{\"@type\":\"ListItem\",\"position\":1,\"name\":\"Startseite\",\"item\":\"https:\/\/www.petalpin.eu\/it\/home\/\"},{\"@type\":\"ListItem\",\"position\":2,\"name\":\"Prodotti\",\"item\":\"https:\/\/www.petalpin.eu\/it\/shop\/\"},{\"@type\":\"ListItem\",\"position\":3,\"name\":\"Rag\u00f9 di manzo e pollo per gatti\"}]},{\"@type\":\"WebSite\",\"@id\":\"https:\/\/www.petalpin.eu\/it\/#website\",\"url\":\"https:\/\/www.petalpin.eu\/it\/\",\"name\":\"Pet Alpin\",\"description\":\"Southtyrol Pet Food\",\"potentialAction\":[{\"@type\":\"SearchAction\",\"target\":{\"@type\":\"EntryPoint\",\"urlTemplate\":\"https:\/\/www.petalpin.eu\/it\/?s={search_term_string}\"},\"query-input\":\"required name=search_term_string\"}],\"inLanguage\":\"it-IT\"}]}<\/script>\n<!-- \/ Yoast SEO plugin. -->","yoast_head_json":{"title":"saftiges einheimisches Rind und Huhn mit Karotte","description":"hochwertiges Katzenfutter mit Rind und Huhn mit Karotte aus S\u00fcdtirol","robots":{"index":"index","follow":"follow","max-snippet":"max-snippet:-1","max-image-preview":"max-image-preview:large","max-video-preview":"max-video-preview:-1"},"canonical":"https:\/\/www.petalpin.eu\/it\/produkt\/ragu-di-manzo-e-pollo\/","schema":{"@context":"https:\/\/schema.org","@graph":[{"@type":"WebPage","@id":"https:\/\/www.petalpin.eu\/it\/produkt\/ragu-di-manzo-e-pollo\/","url":"https:\/\/www.petalpin.eu\/it\/produkt\/ragu-di-manzo-e-pollo\/","name":"saftiges einheimisches Rind und Huhn mit Karotte","isPartOf":{"@id":"https:\/\/www.petalpin.eu\/it\/#website"},"datePublished":"2021-02-05T07:16:33+00:00","dateModified":"2023-11-24T12:19:24+00:00","description":"hochwertiges Katzenfutter mit Rind und Huhn mit Karotte aus S\u00fcdtirol","breadcrumb":{"@id":"https:\/\/www.petalpin.eu\/it\/produkt\/ragu-di-manzo-e-pollo\/#breadcrumb"},"inLanguage":"it-IT","potentialAction":[{"@type":"ReadAction","target":["https:\/\/www.petalpin.eu\/it\/produkt\/ragu-di-manzo-e-pollo\/"]}]},{"@type":"BreadcrumbList","@id":"https:\/\/www.petalpin.eu\/it\/produkt\/ragu-di-manzo-e-pollo\/#breadcrumb","itemListElement":[{"@type":"ListItem","position":1,"name":"Startseite","item":"https:\/\/www.petalpin.eu\/it\/home\/"},{"@type":"ListItem","position":2,"name":"Prodotti","item":"https:\/\/www.petalpin.eu\/it\/shop\/"},{"@type":"ListItem","position":3,"name":"Rag\u00f9 di manzo e pollo per gatti"}]},{"@type":"WebSite","@id":"https:\/\/www.petalpin.eu\/it\/#website","url":"https:\/\/www.petalpin.eu\/it\/","name":"Pet Alpin","description":"Southtyrol Pet Food","potentialAction":[{"@type":"SearchAction","target":{"@type":"EntryPoint","urlTemplate":"https:\/\/www.petalpin.eu\/it\/?s={search_term_string}"},"query-input":"required name=search_term_string"}],"inLanguage":"it-IT"}]}},"_links":{"self":[{"href":"https:\/\/www.petalpin.eu\/it\/wp-json\/wp\/v2\/product\/404"}],"collection":[{"href":"https:\/\/www.petalpin.eu\/it\/wp-json\/wp\/v2\/product"}],"about":[{"href":"https:\/\/www.petalpin.eu\/it\/wp-json\/wp\/v2\/types\/product"}],"wp:featuredmedia":[{"embeddable":true,"href":"https:\/\/www.petalpin.eu\/it\/wp-json\/wp\/v2\/media\/405"}],"wp:attachment":[{"href":"https:\/\/www.petalpin.eu\/it\/wp-json\/wp\/v2\/media?parent=404"}],"wp:term":[{"taxonomy":"product_cat","embeddable":true,"href":"https:\/\/www.petalpin.eu\/it\/wp-json\/wp\/v2\/product_cat?post=404"},{"taxonomy":"product_tag","embeddable":true,"href":"https:\/\/www.petalpin.eu\/it\/wp-json\/wp\/v2\/product_tag?post=404"}],"curies":[{"name":"wp","href":"https:\/\/api.w.org\/{rel}","templated":true}]}}